{"id":800,"date":"2020-12-31T13:04:45","date_gmt":"2020-12-31T11:04:45","guid":{"rendered":"https:\/\/literietrucks.com\/volet-isolant-cabine\/"},"modified":"2023-12-22T17:44:51","modified_gmt":"2023-12-22T15:44:51","slug":"tempereve-insulating-blind","status":"publish","type":"page","link":"https:\/\/literietrucks.com\/en\/tempereve-insulating-blind\/","title":{"rendered":"Tempereve insulating blind"},"content":{"rendered":"\n\n\t<h1><strong>Temp&amp;r\u00eave\u00ae<\/strong><\/h1>\n<p>INSULATING PROTECTIVE BLIND FOR HGV WINDSCREENS, BUT ALSO FOR VANS OR CARS<\/p>\n<p>Always with the aim of improving comfort in the cabin, Literie Trucks is launching the Temp&amp;r\u00eave insulating blind, which adapts to all types of cabin and is designed to be &#8220;Economical, Ecological and Eco-responsible&#8221;.<\/p>\n\t<p>ECONOMICAL<\/p>\n<p>Less demand on the independent heater, so less noise, less wear and tear on internal components<\/p>\n\t<p>ECOLOGICAL<\/p>\n<p>Savings on cabin fridge and day\/night air conditioning, battery conservation<\/p>\n\t<p>ECO-RESPONSIBLE<\/p>\n<p>Less consumption<\/p>\n<p>=<\/p>\n<p>lower CO\u00b2 emissions<\/p>\n\t<p>Products<\/p>\n<ul>\n<li>Available for all types of cab and windscreen<\/li>\n<li>Insulates against heat and cold, 4-season use<\/li>\n<li>6 superimposed layers of heat-bonded technical fabrics<\/li>\n<li>Keeps the air cool in summer and warm in winter<\/li>\n<li>In winter, no thermal bridges on the uprights covered by the blanket<\/li>\n<li>Avoids using the engine when stationary<\/li>\n<li>Prevents frost forming in winter<\/li>\n<li>Protects against UV rays and damage to the dashboard and on-board computers<\/li>\n<li>Saves on cabin air conditioning or fridges<\/li>\n<li>Guaranteed privacy, covering the windscreen, door pillars and windows = no thermal bridges<\/li>\n<li>Hygienic: no condensation inside the windscreen<\/li>\n<li>Care: cloth + W40 on the clear part<\/li>\n<\/ul>\n<p><strong>Exclusive: opening at the front, which allows light to enter during the day when stationary, without removing the windscreen cover.<\/strong><\/p>\n<strong>Supplied with storage bag.<\/strong><br \/>\n<strong>Dimensions 55 x 55 x 15cm<\/strong>\n\t\t\t\t<img decoding=\"async\" src=\"https:\/\/literietrucks.com\/wp-content\/uploads\/2021\/01\/fabrication_fr_picto.jpg\" alt=\"fabrication_fr_picto\" itemprop=\"image\" height=\"200\" width=\"200\" title=\"fabrication_fr_picto\" onerror=\"this.style.display='none'\"  \/>\n\t\t\t\t<img decoding=\"async\" src=\"https:\/\/literietrucks.com\/wp-content\/uploads\/2023\/08\/Usine-decoupe-scaled.jpg\" alt=\"Usine decoupe\" itemprop=\"image\" height=\"1536\" width=\"2048\" title=\"Usine decoupe\" onerror=\"this.style.display='none'\"  \/>\n\t\t\t\t<img decoding=\"async\" src=\"https:\/\/literietrucks.com\/wp-content\/uploads\/2023\/08\/Usine-commande-numerique-scaled.jpg\" alt=\"Usine commande numerique\" itemprop=\"image\" height=\"1536\" width=\"2048\" title=\"Usine commande numerique\" onerror=\"this.style.display='none'\"  \/>\n\t<p>General product sheet<\/p>\n\t\t\t<a href=\"https:\/\/literietrucks.com\/wp-content\/uploads\/2021\/04\/Fiche-produit-Tempreve-generale.pdf\" target=\"_blank\" rel=\"noopener\">\n\t\t\t\t\t\t\tT\u00e9l\u00e9charger la fiche techniqe\n\t\t\t\t\t<\/a>\n\t\t\t<a href=\"https:\/\/literietrucks.com\/wp-content\/uploads\/2021\/04\/Product-information-sheet-Tempereve.pdf\" target=\"_blank\" rel=\"noopener\">\n\t\t\t\t\t\t\tDownload the technical sheet\n\t\t\t\t\t<\/a>\n\t\t\t<a href=\"https:\/\/literietrucks.com\/wp-content\/uploads\/2021\/04\/Ficha-del-producto-Tempereve.pdf\" target=\"_blank\" rel=\"noopener\">\n\t\t\t\t\t\t\tDescargar la ficha t\u00e9cnica\n\t\t\t\t\t<\/a>\n<h2>\n\t\tVid\u00e9o Montage \/  Assembly  \/ Montaje\n\t<\/h2>\n\t<meta itemprop=\"url\" content=\"https:\/\/literietrucks.com\/wp-content\/uploads\/2021\/04\/Montage-Tempereve-pour-Vovlo-FH-V2.mp4\" \/><div style=\"width: 640px;\" class=\"wp-video\"><video class=\"wp-video-shortcode\" id=\"video-800-1\" width=\"640\" height=\"360\" preload=\"metadata\" controls=\"controls\"><source type=\"video\/mp4\" src=\"https:\/\/literietrucks.com\/wp-content\/uploads\/2021\/04\/Montage-Tempereve-pour-Vovlo-FH-V2.mp4?_=1\" \/><a href=\"https:\/\/literietrucks.com\/wp-content\/uploads\/2021\/04\/Montage-Tempereve-pour-Vovlo-FH-V2.mp4\">https:\/\/literietrucks.com\/wp-content\/uploads\/2021\/04\/Montage-Tempereve-pour-Vovlo-FH-V2.mp4<\/a><\/video><\/div>\n\t<meta itemprop=\"url\" content=\"https:\/\/literietrucks.com\/wp-content\/uploads\/2021\/02\/Volet-isolant-Tempereve-pour-Volvo-FH.mp4\" \/><div style=\"width: 640px;\" class=\"wp-video\"><video class=\"wp-video-shortcode\" id=\"video-800-2\" width=\"640\" height=\"360\" preload=\"metadata\" controls=\"controls\"><source type=\"video\/mp4\" src=\"https:\/\/literietrucks.com\/wp-content\/uploads\/2021\/02\/Volet-isolant-Tempereve-pour-Volvo-FH.mp4?_=2\" \/><a href=\"https:\/\/literietrucks.com\/wp-content\/uploads\/2021\/02\/Volet-isolant-Tempereve-pour-Volvo-FH.mp4\">https:\/\/literietrucks.com\/wp-content\/uploads\/2021\/02\/Volet-isolant-Tempereve-pour-Volvo-FH.mp4<\/a><\/video><\/div>\n\n","protected":false},"excerpt":{"rendered":"<p>Temp&amp;r\u00eave\u00ae INSULATING PROTECTIVE BLIND FOR HGV WINDSCREENS, BUT ALSO FOR VANS OR CARS Always with the aim of improving comfort in the cabin, Literie Trucks is launching the Temp&amp;r\u00eave insulating blind, which adapts to all types of cabin and is designed to be &#8220;Economical, Ecological and Eco-responsible&#8221;. ECONOMICAL Less demand on the independent heater, so [&hellip;]<\/p>\n","protected":false},"author":1,"featured_media":0,"parent":0,"menu_order":0,"comment_status":"closed","ping_status":"closed","template":"","meta":{"_acf_changed":false,"footnotes":""},"class_list":["post-800","page","type-page","status-publish","hentry"],"acf":[],"yoast_head":"<!-- This site is optimized with the Yoast SEO plugin v26.6 - https:\/\/yoast.com\/wordpress\/plugins\/seo\/ -->\n<title>Tempereve insulating blind - Literie trucks<\/title>\n<meta name=\"description\" content=\"Couverture isolante pour camions, fourgons ou automobiles. Isole du chaud ou du froid tout en prot\u00e9geant l&#039;int\u00e9rieur de votre v\u00e9hicule.\" \/>\n<meta name=\"robots\" content=\"index, follow, max-snippet:-1, max-image-preview:large, max-video-preview:-1\" \/>\n<link rel=\"canonical\" href=\"https:\/\/literietrucks.com\/en\/tempereve-insulating-blind\/\" \/>\n<meta property=\"og:locale\" content=\"en_US\" \/>\n<meta property=\"og:type\" content=\"article\" \/>\n<meta property=\"og:title\" content=\"Tempereve insulating blind - Literie trucks\" \/>\n<meta property=\"og:description\" content=\"Couverture isolante pour camions, fourgons ou automobiles. Isole du chaud ou du froid tout en prot\u00e9geant l&#039;int\u00e9rieur de votre v\u00e9hicule.\" \/>\n<meta property=\"og:url\" content=\"https:\/\/literietrucks.com\/en\/tempereve-insulating-blind\/\" \/>\n<meta property=\"og:site_name\" content=\"Literie trucks\" \/>\n<meta property=\"article:modified_time\" content=\"2023-12-22T15:44:51+00:00\" \/>\n<meta property=\"og:image\" content=\"https:\/\/literietrucks.com\/wp-content\/uploads\/2021\/01\/fabrication_fr_picto.jpg\" \/>\n<meta name=\"twitter:card\" content=\"summary_large_image\" \/>\n<meta name=\"twitter:label1\" content=\"Est. reading time\" \/>\n\t<meta name=\"twitter:data1\" content=\"6 minutes\" \/>\n<script type=\"application\/ld+json\" class=\"yoast-schema-graph\">{\"@context\":\"https:\/\/schema.org\",\"@graph\":[{\"@type\":\"WebPage\",\"@id\":\"https:\/\/literietrucks.com\/en\/tempereve-insulating-blind\/\",\"url\":\"https:\/\/literietrucks.com\/en\/tempereve-insulating-blind\/\",\"name\":\"Tempereve insulating blind - Literie trucks\",\"isPartOf\":{\"@id\":\"https:\/\/literietrucks.com\/#website\"},\"primaryImageOfPage\":{\"@id\":\"https:\/\/literietrucks.com\/en\/tempereve-insulating-blind\/#primaryimage\"},\"image\":{\"@id\":\"https:\/\/literietrucks.com\/en\/tempereve-insulating-blind\/#primaryimage\"},\"thumbnailUrl\":\"https:\/\/literietrucks.com\/wp-content\/uploads\/2021\/01\/fabrication_fr_picto.jpg\",\"datePublished\":\"2020-12-31T11:04:45+00:00\",\"dateModified\":\"2023-12-22T15:44:51+00:00\",\"description\":\"Couverture isolante pour camions, fourgons ou automobiles. Isole du chaud ou du froid tout en prot\u00e9geant l'int\u00e9rieur de votre v\u00e9hicule.\",\"breadcrumb\":{\"@id\":\"https:\/\/literietrucks.com\/en\/tempereve-insulating-blind\/#breadcrumb\"},\"inLanguage\":\"en-US\",\"potentialAction\":[{\"@type\":\"ReadAction\",\"target\":[\"https:\/\/literietrucks.com\/en\/tempereve-insulating-blind\/\"]}]},{\"@type\":\"ImageObject\",\"inLanguage\":\"en-US\",\"@id\":\"https:\/\/literietrucks.com\/en\/tempereve-insulating-blind\/#primaryimage\",\"url\":\"https:\/\/literietrucks.com\/wp-content\/uploads\/2021\/01\/fabrication_fr_picto.jpg\",\"contentUrl\":\"https:\/\/literietrucks.com\/wp-content\/uploads\/2021\/01\/fabrication_fr_picto.jpg\"},{\"@type\":\"BreadcrumbList\",\"@id\":\"https:\/\/literietrucks.com\/en\/tempereve-insulating-blind\/#breadcrumb\",\"itemListElement\":[{\"@type\":\"ListItem\",\"position\":1,\"name\":\"Accueil\",\"item\":\"https:\/\/literietrucks.com\/en\/accueil\/\"},{\"@type\":\"ListItem\",\"position\":2,\"name\":\"Tempereve insulating blind\"}]},{\"@type\":\"WebSite\",\"@id\":\"https:\/\/literietrucks.com\/#website\",\"url\":\"https:\/\/literietrucks.com\/\",\"name\":\"Literie trucks\",\"description\":\"Votre confort sur mesure\",\"potentialAction\":[{\"@type\":\"SearchAction\",\"target\":{\"@type\":\"EntryPoint\",\"urlTemplate\":\"https:\/\/literietrucks.com\/?s={search_term_string}\"},\"query-input\":{\"@type\":\"PropertyValueSpecification\",\"valueRequired\":true,\"valueName\":\"search_term_string\"}}],\"inLanguage\":\"en-US\"}]}<\/script>\n<!-- \/ Yoast SEO plugin. -->","yoast_head_json":{"title":"Tempereve insulating blind - Literie trucks","description":"Couverture isolante pour camions, fourgons ou automobiles. Isole du chaud ou du froid tout en prot\u00e9geant l'int\u00e9rieur de votre v\u00e9hicule.","robots":{"index":"index","follow":"follow","max-snippet":"max-snippet:-1","max-image-preview":"max-image-preview:large","max-video-preview":"max-video-preview:-1"},"canonical":"https:\/\/literietrucks.com\/en\/tempereve-insulating-blind\/","og_locale":"en_US","og_type":"article","og_title":"Tempereve insulating blind - Literie trucks","og_description":"Couverture isolante pour camions, fourgons ou automobiles. Isole du chaud ou du froid tout en prot\u00e9geant l'int\u00e9rieur de votre v\u00e9hicule.","og_url":"https:\/\/literietrucks.com\/en\/tempereve-insulating-blind\/","og_site_name":"Literie trucks","article_modified_time":"2023-12-22T15:44:51+00:00","og_image":[{"url":"https:\/\/literietrucks.com\/wp-content\/uploads\/2021\/01\/fabrication_fr_picto.jpg","type":"","width":"","height":""}],"twitter_card":"summary_large_image","twitter_misc":{"Est. reading time":"6 minutes"},"schema":{"@context":"https:\/\/schema.org","@graph":[{"@type":"WebPage","@id":"https:\/\/literietrucks.com\/en\/tempereve-insulating-blind\/","url":"https:\/\/literietrucks.com\/en\/tempereve-insulating-blind\/","name":"Tempereve insulating blind - Literie trucks","isPartOf":{"@id":"https:\/\/literietrucks.com\/#website"},"primaryImageOfPage":{"@id":"https:\/\/literietrucks.com\/en\/tempereve-insulating-blind\/#primaryimage"},"image":{"@id":"https:\/\/literietrucks.com\/en\/tempereve-insulating-blind\/#primaryimage"},"thumbnailUrl":"https:\/\/literietrucks.com\/wp-content\/uploads\/2021\/01\/fabrication_fr_picto.jpg","datePublished":"2020-12-31T11:04:45+00:00","dateModified":"2023-12-22T15:44:51+00:00","description":"Couverture isolante pour camions, fourgons ou automobiles. Isole du chaud ou du froid tout en prot\u00e9geant l'int\u00e9rieur de votre v\u00e9hicule.","breadcrumb":{"@id":"https:\/\/literietrucks.com\/en\/tempereve-insulating-blind\/#breadcrumb"},"inLanguage":"en-US","potentialAction":[{"@type":"ReadAction","target":["https:\/\/literietrucks.com\/en\/tempereve-insulating-blind\/"]}]},{"@type":"ImageObject","inLanguage":"en-US","@id":"https:\/\/literietrucks.com\/en\/tempereve-insulating-blind\/#primaryimage","url":"https:\/\/literietrucks.com\/wp-content\/uploads\/2021\/01\/fabrication_fr_picto.jpg","contentUrl":"https:\/\/literietrucks.com\/wp-content\/uploads\/2021\/01\/fabrication_fr_picto.jpg"},{"@type":"BreadcrumbList","@id":"https:\/\/literietrucks.com\/en\/tempereve-insulating-blind\/#breadcrumb","itemListElement":[{"@type":"ListItem","position":1,"name":"Accueil","item":"https:\/\/literietrucks.com\/en\/accueil\/"},{"@type":"ListItem","position":2,"name":"Tempereve insulating blind"}]},{"@type":"WebSite","@id":"https:\/\/literietrucks.com\/#website","url":"https:\/\/literietrucks.com\/","name":"Literie trucks","description":"Votre confort sur mesure","potentialAction":[{"@type":"SearchAction","target":{"@type":"EntryPoint","urlTemplate":"https:\/\/literietrucks.com\/?s={search_term_string}"},"query-input":{"@type":"PropertyValueSpecification","valueRequired":true,"valueName":"search_term_string"}}],"inLanguage":"en-US"}]}},"_links":{"self":[{"href":"https:\/\/literietrucks.com\/en\/wp-json\/wp\/v2\/pages\/800","targetHints":{"allow":["GET"]}}],"collection":[{"href":"https:\/\/literietrucks.com\/en\/wp-json\/wp\/v2\/pages"}],"about":[{"href":"https:\/\/literietrucks.com\/en\/wp-json\/wp\/v2\/types\/page"}],"author":[{"embeddable":true,"href":"https:\/\/literietrucks.com\/en\/wp-json\/wp\/v2\/users\/1"}],"replies":[{"embeddable":true,"href":"https:\/\/literietrucks.com\/en\/wp-json\/wp\/v2\/comments?post=800"}],"version-history":[{"count":3,"href":"https:\/\/literietrucks.com\/en\/wp-json\/wp\/v2\/pages\/800\/revisions"}],"predecessor-version":[{"id":804,"href":"https:\/\/literietrucks.com\/en\/wp-json\/wp\/v2\/pages\/800\/revisions\/804"}],"wp:attachment":[{"href":"https:\/\/literietrucks.com\/en\/wp-json\/wp\/v2\/media?parent=800"}],"curies":[{"name":"wp","href":"https:\/\/api.w.org\/{rel}","templated":true}]}}